{"id":1703,"date":"2022-02-18T07:33:18","date_gmt":"2022-02-18T07:33:18","guid":{"rendered":"https:\/\/varone-dev.ch\/die-geschichte\/"},"modified":"2025-04-03T09:51:38","modified_gmt":"2025-04-03T07:51:38","slug":"die-geschichte","status":"publish","type":"page","link":"https:\/\/varone.ch\/de\/die-geschichte\/","title":{"rendered":"Die Geschichte"},"content":{"rendered":"<p>[et_pb_section fb_built=&#8220;1&#8243; _builder_version=&#8220;4.16&#8243; _module_preset=&#8220;default&#8220; custom_margin=&#8220;|||300px|false|false&#8220; custom_margin_tablet=&#8220;|||0px|false|false&#8220; custom_margin_phone=&#8220;|||0px|false|false&#8220; custom_margin_last_edited=&#8220;on|tablet&#8220; custom_padding=&#8220;0px||0px||false|false&#8220; global_colors_info=&#8220;{}&#8220;][et_pb_row _builder_version=&#8220;4.16&#8243; _module_preset=&#8220;default&#8220; width=&#8220;100%&#8220; max_width=&#8220;100%&#8220; custom_margin=&#8220;|0px|||false|false&#8220; custom_padding=&#8220;0px|||||&#8220; global_colors_info=&#8220;{}&#8220;][et_pb_column type=&#8220;4_4&#8243; _builder_version=&#8220;4.16&#8243; _module_preset=&#8220;default&#8220; global_colors_info=&#8220;{}&#8220;][et_pb_image src=&#8220;https:\/\/varone.ch\/wp-content\/uploads\/2025\/03\/histoire-varone-vins-1.jpg&#8220; title_text=&#8220;histoire varone vins&#8220; align=&#8220;center&#8220; force_fullwidth=&#8220;on&#8220; _builder_version=&#8220;4.27.4&#8243; _module_preset=&#8220;default&#8220; hover_enabled=&#8220;0&#8243; global_colors_info=&#8220;{}&#8220; sticky_enabled=&#8220;0&#8243;][\/et_pb_image][\/et_pb_column][\/et_pb_row][et_pb_row _builder_version=&#8220;4.16&#8243; _module_preset=&#8220;default&#8220; global_colors_info=&#8220;{}&#8220;][et_pb_column type=&#8220;4_4&#8243; _builder_version=&#8220;4.16&#8243; _module_preset=&#8220;default&#8220; global_colors_info=&#8220;{}&#8220;][et_pb_text _builder_version=&#8220;4.16&#8243; _module_preset=&#8220;default&#8220; header_2_text_align=&#8220;center&#8220; header_2_font_size_tablet=&#8220;&#8220; header_2_font_size_phone=&#8220;24px&#8220; header_2_font_size_last_edited=&#8220;on|desktop&#8220; global_colors_info=&#8220;{}&#8220;]<\/p>\n<h2>Die Geschichte<\/h2>\n<p>[\/et_pb_text][\/et_pb_column][\/et_pb_row][et_pb_row column_structure=&#8220;3_5,2_5&#8243; _builder_version=&#8220;4.16&#8243; _module_preset=&#8220;default&#8220; global_colors_info=&#8220;{}&#8220;][et_pb_column type=&#8220;3_5&#8243; _builder_version=&#8220;4.16&#8243; _module_preset=&#8220;default&#8220; global_colors_info=&#8220;{}&#8220;][et_pb_text _builder_version=&#8220;4.16&#8243; _module_preset=&#8220;default&#8220; custom_margin=&#8220;||||false|false&#8220; global_colors_info=&#8220;{}&#8220;]<\/p>\n<p>Seit seiner Gr\u00fcndung im Jahre 1900 hat das Familienunternehmen Varone die grossen Entwicklungsschritte der Weinwirtschaft in der Schweiz und im Wallis miterlebt.<\/p>\n<p>Damals war die Kellerei die erste, die ihre Weine in kleinen Beh\u00e4ltern anbot und die Flaschenweine von den herk\u00f6mmlichen Weinen im Offenausschank unterschied. Dadurch war die Weiterentwicklung des Gesch\u00e4ftes mit Varone-Weinen im Gastgewerbe und bei Privatkunden in der Schweiz und im Ausland gesichert.<\/p>\n<p>Bereits in den 1920er-Jahren sah Gr\u00fcnder Fr\u00e9d\u00e9ric Varone die Trends des Marktes voraus und schuf starke Marken wie Fendant Soleil du Valais und D\u00f4le Val\u00e9ria.<\/p>\n<p>Seit ihrer Gr\u00fcndung arbeitet die Kellerei Varone an ihren Werten. Zu Beginn des 21. Jahrhunderts entschied sie sich daher f\u00fcr eine Strategie der Kundenn\u00e4he, die einen originellen Ansatz verfolgt: die Verkostung mit allen Sinnen. Daraus resultieren kompromisslose Weine mit eigenst\u00e4ndigem Charakter, die bei Verkostungen angeboten werden, wo alle Sinne zum Einsatz kommen. Eine neue Art Wein zu sehen, zu riechen, zu f\u00fchlen, zu kosten &#8230;<br \/>\nDie Verkostung eines Weines fordert alle Sinne und regt unser Ged\u00e4chtnis an. Sie l\u00e4dt uns dazu ein, in unseren entferntesten Erinnerungen nach Ger\u00fcchen, Geschm\u00e4cken oder gar Gef\u00fchlen zu suchen, die uns erm\u00f6glichen unser Empfinden in Worte zu fassen.<\/p>\n<p>1992 erfolgte der Zusammenschluss der Kellerei Varone mit Bonvin 1858 Les Domaines. Die Celliers de Sion wurden geschaffen, mit dem Ziel Synergien zu entwickeln und bestimmte Abl\u00e4ufe zu rationalisieren.<\/p>\n<p>Heute hat Philippe Varone, Stadtpr\u00e4sident von Sitten, die F\u00fchrung seines Unternehmens den von David H\u00e9ritier geleiteten Celliers de Sion \u00fcbertragen. Die beiden Partner intensivierten ihre Zusammenarbeit in diesem Rahmen durch die Einrichtung eines gemeinsamen Vertriebs und die Schaffung des ersten \u00d6noparks der Schweiz am Fusse der eindrucksvollen, terrassierten Weinberge. Die Celliers de Sion sind ein ganz besonderer Ort, an dem sich Konsumenten und Reb- und Weinfachleute, verk\u00f6rpert durch die Kellereien Bonvin und Varone, begegnen.<\/p>\n<p>Die Garantie f\u00fcr eine erfolgreiche Zukunft f\u00fcr die Familie Varone!<\/p>\n<p>[\/et_pb_text][\/et_pb_column][et_pb_column type=&#8220;2_5&#8243; _builder_version=&#8220;4.16&#8243; _module_preset=&#8220;default&#8220; global_colors_info=&#8220;{}&#8220;][et_pb_text _builder_version=&#8220;4.16&#8243; _module_preset=&#8220;default&#8220; header_3_line_height=&#8220;1.7em&#8220; global_colors_info=&#8220;{}&#8220;]<\/p>\n<h3>Gr\u00fcndung im Jahr 1900<\/h3>\n<h3>4 Generationen<\/h3>\n<h3>1992 Gr\u00fcndung der Celliers de Sion<\/h3>\n<p>[\/et_pb_text][\/et_pb_column][\/et_pb_row][et_pb_row _builder_version=&#8220;4.16&#8243; _module_preset=&#8220;default&#8220; custom_padding=&#8220;||0px||false|false&#8220; global_colors_info=&#8220;{}&#8220;][et_pb_column type=&#8220;4_4&#8243; _builder_version=&#8220;4.16&#8243; _module_preset=&#8220;default&#8220; global_colors_info=&#8220;{}&#8220;][et_pb_image src=&#8220;https:\/\/varone.ch\/wp-content\/uploads\/2022\/02\/footer-histoire.jpg&#8220; title_text=&#8220;footer histoire&#8220; _builder_version=&#8220;4.16&#8243; _module_preset=&#8220;default&#8220; global_colors_info=&#8220;{}&#8220;][\/et_pb_image][\/et_pb_column][\/et_pb_row][\/et_pb_section]<\/p>\n","protected":false},"excerpt":{"rendered":"<p>Die GeschichteSeit seiner Gr\u00fcndung im Jahre 1900 hat das Familienunternehmen Varone die grossen Entwicklungsschritte der Weinwirtschaft in der Schweiz und im Wallis miterlebt. Damals war die Kellerei die erste, die ihre Weine in kleinen Beh\u00e4ltern anbot und die Flaschenweine von den herk\u00f6mmlichen Weinen im Offenausschank unterschied. Dadurch war die Weiterentwicklung des Gesch\u00e4ftes mit Varone-Weinen im [&hellip;]<\/p>\n","protected":false},"author":5,"featured_media":0,"parent":0,"menu_order":0,"comment_status":"closed","ping_status":"closed","template":"","meta":{"_et_pb_use_builder":"on","_et_pb_old_content":"","_et_gb_content_width":"","footnotes":""},"class_list":["post-1703","page","type-page","status-publish","hentry"],"yoast_head":"<!-- This site is optimized with the Yoast SEO plugin v27.3 - https:\/\/yoast.com\/product\/yoast-seo-wordpress\/ -->\n<title>Die Geschichte - Varone Vins<\/title>\n<meta name=\"robots\" content=\"index, follow, max-snippet:-1, max-image-preview:large, max-video-preview:-1\" \/>\n<link rel=\"canonical\" href=\"https:\/\/varone.ch\/de\/die-geschichte\/\" \/>\n<meta property=\"og:locale\" content=\"de_DE\" \/>\n<meta property=\"og:type\" content=\"article\" \/>\n<meta property=\"og:title\" content=\"Die Geschichte - Varone Vins\" \/>\n<meta property=\"og:description\" content=\"Die GeschichteSeit seiner Gr\u00fcndung im Jahre 1900 hat das Familienunternehmen Varone die grossen Entwicklungsschritte der Weinwirtschaft in der Schweiz und im Wallis miterlebt. Damals war die Kellerei die erste, die ihre Weine in kleinen Beh\u00e4ltern anbot und die Flaschenweine von den herk\u00f6mmlichen Weinen im Offenausschank unterschied. Dadurch war die Weiterentwicklung des Gesch\u00e4ftes mit Varone-Weinen im [&hellip;]\" \/>\n<meta property=\"og:url\" content=\"https:\/\/varone.ch\/de\/die-geschichte\/\" \/>\n<meta property=\"og:site_name\" content=\"Varone Vins\" \/>\n<meta property=\"article:publisher\" content=\"https:\/\/www.facebook.com\/lescelliersdesion\" \/>\n<meta property=\"article:modified_time\" content=\"2025-04-03T07:51:38+00:00\" \/>\n<meta name=\"twitter:card\" content=\"summary_large_image\" \/>\n<meta name=\"twitter:label1\" content=\"Gesch\u00e4tzte Lesezeit\" \/>\n\t<meta name=\"twitter:data1\" content=\"3\u00a0Minuten\" \/>\n<script type=\"application\/ld+json\" class=\"yoast-schema-graph\">{\"@context\":\"https:\\\/\\\/schema.org\",\"@graph\":[{\"@type\":\"WebPage\",\"@id\":\"https:\\\/\\\/varone.ch\\\/de\\\/die-geschichte\\\/\",\"url\":\"https:\\\/\\\/varone.ch\\\/de\\\/die-geschichte\\\/\",\"name\":\"Die Geschichte - Varone Vins\",\"isPartOf\":{\"@id\":\"https:\\\/\\\/varone.ch\\\/de\\\/#website\"},\"datePublished\":\"2022-02-18T07:33:18+00:00\",\"dateModified\":\"2025-04-03T07:51:38+00:00\",\"breadcrumb\":{\"@id\":\"https:\\\/\\\/varone.ch\\\/de\\\/die-geschichte\\\/#breadcrumb\"},\"inLanguage\":\"de\",\"potentialAction\":[{\"@type\":\"ReadAction\",\"target\":[\"https:\\\/\\\/varone.ch\\\/de\\\/die-geschichte\\\/\"]}]},{\"@type\":\"BreadcrumbList\",\"@id\":\"https:\\\/\\\/varone.ch\\\/de\\\/die-geschichte\\\/#breadcrumb\",\"itemListElement\":[{\"@type\":\"ListItem\",\"position\":1,\"name\":\"Accueil\",\"item\":\"https:\\\/\\\/varone.ch\\\/de\\\/\"},{\"@type\":\"ListItem\",\"position\":2,\"name\":\"Die Geschichte\"}]},{\"@type\":\"WebSite\",\"@id\":\"https:\\\/\\\/varone.ch\\\/de\\\/#website\",\"url\":\"https:\\\/\\\/varone.ch\\\/de\\\/\",\"name\":\"Varone Vins\",\"description\":\"\",\"publisher\":{\"@id\":\"https:\\\/\\\/varone.ch\\\/de\\\/#organization\"},\"potentialAction\":[{\"@type\":\"SearchAction\",\"target\":{\"@type\":\"EntryPoint\",\"urlTemplate\":\"https:\\\/\\\/varone.ch\\\/de\\\/?s={search_term_string}\"},\"query-input\":{\"@type\":\"PropertyValueSpecification\",\"valueRequired\":true,\"valueName\":\"search_term_string\"}}],\"inLanguage\":\"de\"},{\"@type\":\"Organization\",\"@id\":\"https:\\\/\\\/varone.ch\\\/de\\\/#organization\",\"name\":\"Varone Vins\",\"url\":\"https:\\\/\\\/varone.ch\\\/de\\\/\",\"logo\":{\"@type\":\"ImageObject\",\"inLanguage\":\"de\",\"@id\":\"https:\\\/\\\/varone.ch\\\/de\\\/#\\\/schema\\\/logo\\\/image\\\/\",\"url\":\"https:\\\/\\\/varone.ch\\\/wp-content\\\/uploads\\\/2022\\\/02\\\/logoVaroneVins.png\",\"contentUrl\":\"https:\\\/\\\/varone.ch\\\/wp-content\\\/uploads\\\/2022\\\/02\\\/logoVaroneVins.png\",\"width\":1792,\"height\":552,\"caption\":\"Varone Vins\"},\"image\":{\"@id\":\"https:\\\/\\\/varone.ch\\\/de\\\/#\\\/schema\\\/logo\\\/image\\\/\"},\"sameAs\":[\"https:\\\/\\\/www.facebook.com\\\/lescelliersdesion\",\"https:\\\/\\\/www.instagram.com\\\/lescelliersdesion\",\"https:\\\/\\\/www.linkedin.com\\\/company\\\/celliers-de-sion\\\/\"]}]}<\/script>\n<!-- \/ Yoast SEO plugin. -->","yoast_head_json":{"title":"Die Geschichte - Varone Vins","robots":{"index":"index","follow":"follow","max-snippet":"max-snippet:-1","max-image-preview":"max-image-preview:large","max-video-preview":"max-video-preview:-1"},"canonical":"https:\/\/varone.ch\/de\/die-geschichte\/","og_locale":"de_DE","og_type":"article","og_title":"Die Geschichte - Varone Vins","og_description":"Die GeschichteSeit seiner Gr\u00fcndung im Jahre 1900 hat das Familienunternehmen Varone die grossen Entwicklungsschritte der Weinwirtschaft in der Schweiz und im Wallis miterlebt. Damals war die Kellerei die erste, die ihre Weine in kleinen Beh\u00e4ltern anbot und die Flaschenweine von den herk\u00f6mmlichen Weinen im Offenausschank unterschied. Dadurch war die Weiterentwicklung des Gesch\u00e4ftes mit Varone-Weinen im [&hellip;]","og_url":"https:\/\/varone.ch\/de\/die-geschichte\/","og_site_name":"Varone Vins","article_publisher":"https:\/\/www.facebook.com\/lescelliersdesion","article_modified_time":"2025-04-03T07:51:38+00:00","twitter_card":"summary_large_image","twitter_misc":{"Gesch\u00e4tzte Lesezeit":"3\u00a0Minuten"},"schema":{"@context":"https:\/\/schema.org","@graph":[{"@type":"WebPage","@id":"https:\/\/varone.ch\/de\/die-geschichte\/","url":"https:\/\/varone.ch\/de\/die-geschichte\/","name":"Die Geschichte - Varone Vins","isPartOf":{"@id":"https:\/\/varone.ch\/de\/#website"},"datePublished":"2022-02-18T07:33:18+00:00","dateModified":"2025-04-03T07:51:38+00:00","breadcrumb":{"@id":"https:\/\/varone.ch\/de\/die-geschichte\/#breadcrumb"},"inLanguage":"de","potentialAction":[{"@type":"ReadAction","target":["https:\/\/varone.ch\/de\/die-geschichte\/"]}]},{"@type":"BreadcrumbList","@id":"https:\/\/varone.ch\/de\/die-geschichte\/#breadcrumb","itemListElement":[{"@type":"ListItem","position":1,"name":"Accueil","item":"https:\/\/varone.ch\/de\/"},{"@type":"ListItem","position":2,"name":"Die Geschichte"}]},{"@type":"WebSite","@id":"https:\/\/varone.ch\/de\/#website","url":"https:\/\/varone.ch\/de\/","name":"Varone Vins","description":"","publisher":{"@id":"https:\/\/varone.ch\/de\/#organization"},"potentialAction":[{"@type":"SearchAction","target":{"@type":"EntryPoint","urlTemplate":"https:\/\/varone.ch\/de\/?s={search_term_string}"},"query-input":{"@type":"PropertyValueSpecification","valueRequired":true,"valueName":"search_term_string"}}],"inLanguage":"de"},{"@type":"Organization","@id":"https:\/\/varone.ch\/de\/#organization","name":"Varone Vins","url":"https:\/\/varone.ch\/de\/","logo":{"@type":"ImageObject","inLanguage":"de","@id":"https:\/\/varone.ch\/de\/#\/schema\/logo\/image\/","url":"https:\/\/varone.ch\/wp-content\/uploads\/2022\/02\/logoVaroneVins.png","contentUrl":"https:\/\/varone.ch\/wp-content\/uploads\/2022\/02\/logoVaroneVins.png","width":1792,"height":552,"caption":"Varone Vins"},"image":{"@id":"https:\/\/varone.ch\/de\/#\/schema\/logo\/image\/"},"sameAs":["https:\/\/www.facebook.com\/lescelliersdesion","https:\/\/www.instagram.com\/lescelliersdesion","https:\/\/www.linkedin.com\/company\/celliers-de-sion\/"]}]}},"_links":{"self":[{"href":"https:\/\/varone.ch\/de\/wp-json\/wp\/v2\/pages\/1703","targetHints":{"allow":["GET"]}}],"collection":[{"href":"https:\/\/varone.ch\/de\/wp-json\/wp\/v2\/pages"}],"about":[{"href":"https:\/\/varone.ch\/de\/wp-json\/wp\/v2\/types\/page"}],"author":[{"embeddable":true,"href":"https:\/\/varone.ch\/de\/wp-json\/wp\/v2\/users\/5"}],"replies":[{"embeddable":true,"href":"https:\/\/varone.ch\/de\/wp-json\/wp\/v2\/comments?post=1703"}],"version-history":[{"count":5,"href":"https:\/\/varone.ch\/de\/wp-json\/wp\/v2\/pages\/1703\/revisions"}],"predecessor-version":[{"id":2702,"href":"https:\/\/varone.ch\/de\/wp-json\/wp\/v2\/pages\/1703\/revisions\/2702"}],"wp:attachment":[{"href":"https:\/\/varone.ch\/de\/wp-json\/wp\/v2\/media?parent=1703"}],"curies":[{"name":"wp","href":"https:\/\/api.w.org\/{rel}","templated":true}]}}