{"id":1709,"date":"2022-02-18T07:49:38","date_gmt":"2022-02-18T07:49:38","guid":{"rendered":"https:\/\/varone-dev.ch\/die-rebhaeuschen\/"},"modified":"2025-04-09T18:31:38","modified_gmt":"2025-04-09T16:31:38","slug":"die-rebhaeuschen","status":"publish","type":"page","link":"https:\/\/varone.ch\/de\/die-rebhaeuschen\/","title":{"rendered":"Die Rebh\u00e4uschen"},"content":{"rendered":"<p>[et_pb_section fb_built=&#8220;1&#8243; _builder_version=&#8220;4.16&#8243; _module_preset=&#8220;default&#8220; custom_margin=&#8220;|||300px|false|false&#8220; custom_margin_tablet=&#8220;|||0px|false|false&#8220; custom_margin_phone=&#8220;|||0px|false|false&#8220; custom_margin_last_edited=&#8220;on|tablet&#8220; custom_padding=&#8220;0px|||||&#8220; global_colors_info=&#8220;{}&#8220;][et_pb_row _builder_version=&#8220;4.16&#8243; _module_preset=&#8220;default&#8220; width=&#8220;100%&#8220; max_width=&#8220;100%&#8220; custom_margin=&#8220;|0px|||false|false&#8220; custom_padding=&#8220;0px|||||&#8220; global_colors_info=&#8220;{}&#8220;][et_pb_column type=&#8220;4_4&#8243; _builder_version=&#8220;4.16&#8243; _module_preset=&#8220;default&#8220; global_colors_info=&#8220;{}&#8220;][et_pb_image src=&#8220;https:\/\/varone.ch\/wp-content\/uploads\/2022\/02\/Grande-Image-2.jpg&#8220; title_text=&#8220;Grande Image 2&#8243; align=&#8220;center&#8220; force_fullwidth=&#8220;on&#8220; _builder_version=&#8220;4.16&#8243; _module_preset=&#8220;default&#8220; global_colors_info=&#8220;{}&#8220;][\/et_pb_image][\/et_pb_column][\/et_pb_row][et_pb_row _builder_version=&#8220;4.16&#8243; _module_preset=&#8220;default&#8220; global_colors_info=&#8220;{}&#8220;][et_pb_column type=&#8220;4_4&#8243; _builder_version=&#8220;4.16&#8243; _module_preset=&#8220;default&#8220; global_colors_info=&#8220;{}&#8220;][et_pb_text _builder_version=&#8220;4.16&#8243; _module_preset=&#8220;default&#8220; header_2_text_align=&#8220;center&#8220; global_colors_info=&#8220;{}&#8220;]<\/p>\n<h2>Le Cube Varone<\/h2>\n<p>[\/et_pb_text][\/et_pb_column][\/et_pb_row][et_pb_row column_structure=&#8220;3_5,2_5&#8243; use_custom_gutter=&#8220;on&#8220; gutter_width=&#8220;4&#8243; _builder_version=&#8220;4.16&#8243; _module_preset=&#8220;default&#8220; global_colors_info=&#8220;{}&#8220;][et_pb_column type=&#8220;3_5&#8243; _builder_version=&#8220;4.16&#8243; _module_preset=&#8220;default&#8220; global_colors_info=&#8220;{}&#8220;][et_pb_text _builder_version=&#8220;4.27.4&#8243; _module_preset=&#8220;default&#8220; custom_margin=&#8220;||||false|false&#8220; hover_enabled=&#8220;0&#8243; global_colors_info=&#8220;{}&#8220; sticky_enabled=&#8220;0&#8243;]<\/p>\n<p>Dieses ehemalige Rebh\u00e4uschen, das 2013 mit <strong>dem Preis f\u00fcr das Schweizer Kulturerbe<\/strong> ausgezeichnet wurde und zwischen Himmel und Weinbergen schwebt, ist heute ein einzigartiger Ort der Weinprobe. Dieser &#8211; schattige &#8211; Sommerstopp wird Sie mit seiner bemerkenswerten Lage in der N\u00e4he der Bisse de Clavau begeistern.<\/p>\n<p>Ein Ort ganz nach dem Geschmack seines Besitzers <strong>Philippe Varone<\/strong>, der entschieden modern und der Tradition verpflichtet ist. Gro\u00dfe Weine erwarten Sie hier, begleitet von einigen Feinschmeckergl\u00e4sern zum Teilen.<\/p>\n<p>[\/et_pb_text][et_pb_button button_url=&#8220;\/wp-content\/uploads\/2025\/04\/DE-Menu-Cube-1.pdf&#8220; button_text=&#8220;die Weinkarte ansehen&#8220; _builder_version=&#8220;4.27.4&#8243; _module_preset=&#8220;default&#8220; hover_enabled=&#8220;0&#8243; global_colors_info=&#8220;{}&#8220; sticky_enabled=&#8220;0&#8243;][\/et_pb_button][\/et_pb_column][et_pb_column type=&#8220;2_5&#8243; _builder_version=&#8220;4.16&#8243; _module_preset=&#8220;default&#8220; global_colors_info=&#8220;{}&#8220;][et_pb_text disabled_on=&#8220;on|on|on&#8220; _builder_version=&#8220;4.21.0&#8243; _module_preset=&#8220;default&#8220; link_text_color=&#8220;#000000&#8243; custom_margin=&#8220;||0px||false|false&#8220; disabled=&#8220;on&#8220; global_colors_info=&#8220;{}&#8220;]<\/p>\n<h5>INFORMATIONEN<\/h5>\n<p>[\/et_pb_text][et_pb_text disabled_on=&#8220;on|on|on&#8220; _builder_version=&#8220;4.21.0&#8243; _module_preset=&#8220;default&#8220; link_text_color=&#8220;#000000&#8243; background_color=&#8220;rgba(237,240,0,0.31)&#8220; custom_margin=&#8220;||10px||false|false&#8220; custom_padding=&#8220;10px|10px|10px|10px|false|false&#8220; border_radii=&#8220;on|1px|1px|1px|1px&#8220; border_width_all=&#8220;1px&#8220; border_color_all=&#8220;#E02B20&#8243; disabled=&#8220;on&#8220; locked=&#8220;off&#8220; global_colors_info=&#8220;{}&#8220;]<\/p>\n<p>Der Cube ist vor\u00fcbergehend geschlossen.<\/p>\n<p>[\/et_pb_text][et_pb_text disabled_on=&#8220;off|off|off&#8220; _builder_version=&#8220;4.27.4&#8243; _module_preset=&#8220;default&#8220; link_text_color=&#8220;#000000&#8243; hover_enabled=&#8220;0&#8243; global_colors_info=&#8220;{}&#8220; sticky_enabled=&#8220;0&#8243;]<\/p>\n<h5>INFORMATIONEN<\/h5>\n<p>Ge\u00f6ffnet : von Mai bis Oktober ; Donnerstag bis Sonntag, 10:30 Uhr bis 18:30 Uhr<br \/>Zugang zu Fuss entlang der Suone<br \/>1 Schattenterrasse f\u00fcr 40 Personen<\/p>\n<p>[\/et_pb_text][et_pb_text _builder_version=&#8220;4.27.4&#8243; _module_preset=&#8220;default&#8220; link_text_color=&#8220;#000000&#8243; hover_enabled=&#8220;0&#8243; global_colors_info=&#8220;{}&#8220; sticky_enabled=&#8220;0&#8243;]<\/p>\n<h5>KONTAKT<\/h5>\n<p><a href=\"tel:+41272056523\">027 205 65 23<\/a><br \/><a href=\"mailto:reservation@celliers.ch\">reservation@celliers.ch<\/a><\/p>\n<p>079 288 75 59 \u2013 f\u00fcr Last-Minute-Informationen<\/p>\n<p>[\/et_pb_text][\/et_pb_column][\/et_pb_row][\/et_pb_section][et_pb_section fb_built=&#8220;1&#8243; _builder_version=&#8220;4.16&#8243; _module_preset=&#8220;default&#8220; custom_margin=&#8220;|||300px|false|false&#8220; custom_margin_tablet=&#8220;|||0px|false|false&#8220; custom_margin_phone=&#8220;|||0px|false|false&#8220; custom_margin_last_edited=&#8220;on|tablet&#8220; custom_padding=&#8220;0px||0px||false|false&#8220; global_colors_info=&#8220;{}&#8220;][et_pb_row _builder_version=&#8220;4.16&#8243; _module_preset=&#8220;default&#8220; width=&#8220;100%&#8220; max_width=&#8220;100%&#8220; custom_margin=&#8220;|0px|||false|false&#8220; custom_padding=&#8220;0px|||||&#8220; global_colors_info=&#8220;{}&#8220;][et_pb_column type=&#8220;4_4&#8243; _builder_version=&#8220;4.16&#8243; _module_preset=&#8220;default&#8220; global_colors_info=&#8220;{}&#8220;][et_pb_image src=&#8220;https:\/\/varone.ch\/wp-content\/uploads\/2022\/02\/Grande-Image-3.jpg&#8220; title_text=&#8220;Grande Image 3&#8243; align=&#8220;center&#8220; force_fullwidth=&#8220;on&#8220; _builder_version=&#8220;4.16&#8243; _module_preset=&#8220;default&#8220; global_colors_info=&#8220;{}&#8220;][\/et_pb_image][\/et_pb_column][\/et_pb_row][et_pb_row _builder_version=&#8220;4.16&#8243; _module_preset=&#8220;default&#8220; global_colors_info=&#8220;{}&#8220;][et_pb_column type=&#8220;4_4&#8243; _builder_version=&#8220;4.16&#8243; _module_preset=&#8220;default&#8220; global_colors_info=&#8220;{}&#8220;][et_pb_text _builder_version=&#8220;4.16&#8243; _module_preset=&#8220;default&#8220; header_2_text_align=&#8220;center&#8220; global_colors_info=&#8220;{}&#8220;]<\/p>\n<h2>La Gu\u00e9rite d&#8217;Uvrier<\/h2>\n<p>[\/et_pb_text][\/et_pb_column][\/et_pb_row][et_pb_row column_structure=&#8220;3_5,2_5&#8243; use_custom_gutter=&#8220;on&#8220; gutter_width=&#8220;4&#8243; _builder_version=&#8220;4.16&#8243; _module_preset=&#8220;default&#8220; global_colors_info=&#8220;{}&#8220;][et_pb_column type=&#8220;3_5&#8243; _builder_version=&#8220;4.16&#8243; _module_preset=&#8220;default&#8220; global_colors_info=&#8220;{}&#8220;][et_pb_text _builder_version=&#8220;4.16&#8243; _module_preset=&#8220;default&#8220; custom_margin=&#8220;||||false|false&#8220; global_colors_info=&#8220;{}&#8220;]<\/p>\n<p>Am Fuss der Reblage Combe d\u2019Uvrier, nicht weit vom \u00d6nopark entfernt, k\u00f6nnen Sie unter der Laube eines kleinen H\u00e4uschens mit blauen Fensterl\u00e4den die Weine der Kellerei Varone entdecken. Im ersten Stockwerk bietet ein charmanter Raum mit einem u-f\u00f6rmigen Tisch Platz f\u00fcr zehn Personen.<\/p>\n<p>Auf der Speisekarte finden Sie traditionelle Walliser Gerichte.<\/p>\n<p>[\/et_pb_text][\/et_pb_column][et_pb_column type=&#8220;2_5&#8243; _builder_version=&#8220;4.16&#8243; _module_preset=&#8220;default&#8220; global_colors_info=&#8220;{}&#8220;][et_pb_text _builder_version=&#8220;4.16&#8243; _module_preset=&#8220;default&#8220; link_text_color=&#8220;#000000&#8243; global_colors_info=&#8220;{}&#8220;]<\/p>\n<h5>INFORMATIONEN<\/h5>\n<p>Nur auf Reservierung ge\u00f6ffnet<br \/>\n12 Personen im Innern<br \/>\n2 Schattenterrassen f\u00fcr 30 bis 40 Personen<\/p>\n<p>Achtung: Bei schlechtem Wetter sind die Sitzpl\u00e4tze drinnen begrenzt und k\u00f6nnen nicht garantiert werden.<\/p>\n<p>&nbsp;<\/p>\n<h5>ZUGANG<\/h5>\n<p>Route de la Combe \u00e0 Uvrier \/ Sion<br \/>\nZugang mit dem Auto<\/p>\n<p>&nbsp;<\/p>\n<h5>KONTAKT<\/h5>\n<p><a href=\"tel:+41272056523\">027 205 65 23<\/a><br \/>\n<a href=\"mailto:reservation@celliers.ch\">reservation@celliers.ch<\/a><\/p>\n<p>[\/et_pb_text][\/et_pb_column][\/et_pb_row][et_pb_row _builder_version=&#8220;4.16&#8243; _module_preset=&#8220;default&#8220; custom_padding=&#8220;||0px||false|false&#8220; global_colors_info=&#8220;{}&#8220;][et_pb_column type=&#8220;4_4&#8243; _builder_version=&#8220;4.16&#8243; _module_preset=&#8220;default&#8220; global_colors_info=&#8220;{}&#8220;][et_pb_image src=&#8220;https:\/\/varone.ch\/wp-content\/uploads\/2022\/02\/VARONE-petit-footer-1600-\u00d7-350-px-1.jpg&#8220; title_text=&#8220;VARONE &#8211; petit footer (1600 \u00d7 350 px) (1)&#8220; _builder_version=&#8220;4.16&#8243; _module_preset=&#8220;default&#8220; global_colors_info=&#8220;{}&#8220;][\/et_pb_image][\/et_pb_column][\/et_pb_row][\/et_pb_section]<\/p>\n","protected":false},"excerpt":{"rendered":"<p>Le Cube VaroneDieses ehemalige Rebh\u00e4uschen, das 2013 mit dem Preis f\u00fcr das Schweizer Kulturerbe ausgezeichnet wurde und zwischen Himmel und Weinbergen schwebt, ist heute ein einzigartiger Ort der Weinprobe. Dieser &#8211; schattige &#8211; Sommerstopp wird Sie mit seiner bemerkenswerten Lage in der N\u00e4he der Bisse de Clavau begeistern. Ein Ort ganz nach dem Geschmack seines [&hellip;]<\/p>\n","protected":false},"author":5,"featured_media":0,"parent":0,"menu_order":0,"comment_status":"closed","ping_status":"closed","template":"","meta":{"_et_pb_use_builder":"on","_et_pb_old_content":"","_et_gb_content_width":"","footnotes":""},"class_list":["post-1709","page","type-page","status-publish","hentry"],"yoast_head":"<!-- This site is optimized with the Yoast SEO plugin v27.3 - https:\/\/yoast.com\/product\/yoast-seo-wordpress\/ -->\n<title>Die Rebh\u00e4uschen - Varone Vins<\/title>\n<meta name=\"robots\" content=\"index, follow, max-snippet:-1, max-image-preview:large, max-video-preview:-1\" \/>\n<link rel=\"canonical\" href=\"https:\/\/varone.ch\/de\/die-rebhaeuschen\/\" \/>\n<meta property=\"og:locale\" content=\"de_DE\" \/>\n<meta property=\"og:type\" content=\"article\" \/>\n<meta property=\"og:title\" content=\"Die Rebh\u00e4uschen - Varone Vins\" \/>\n<meta property=\"og:description\" content=\"Le Cube VaroneDieses ehemalige Rebh\u00e4uschen, das 2013 mit dem Preis f\u00fcr das Schweizer Kulturerbe ausgezeichnet wurde und zwischen Himmel und Weinbergen schwebt, ist heute ein einzigartiger Ort der Weinprobe. Dieser - schattige - Sommerstopp wird Sie mit seiner bemerkenswerten Lage in der N\u00e4he der Bisse de Clavau begeistern. Ein Ort ganz nach dem Geschmack seines [&hellip;]\" \/>\n<meta property=\"og:url\" content=\"https:\/\/varone.ch\/de\/die-rebhaeuschen\/\" \/>\n<meta property=\"og:site_name\" content=\"Varone Vins\" \/>\n<meta property=\"article:publisher\" content=\"https:\/\/www.facebook.com\/lescelliersdesion\" \/>\n<meta property=\"article:modified_time\" content=\"2025-04-09T16:31:38+00:00\" \/>\n<meta name=\"twitter:card\" content=\"summary_large_image\" \/>\n<meta name=\"twitter:label1\" content=\"Gesch\u00e4tzte Lesezeit\" \/>\n\t<meta name=\"twitter:data1\" content=\"5\u00a0Minuten\" \/>\n<script type=\"application\/ld+json\" class=\"yoast-schema-graph\">{\"@context\":\"https:\\\/\\\/schema.org\",\"@graph\":[{\"@type\":\"WebPage\",\"@id\":\"https:\\\/\\\/varone.ch\\\/de\\\/die-rebhaeuschen\\\/\",\"url\":\"https:\\\/\\\/varone.ch\\\/de\\\/die-rebhaeuschen\\\/\",\"name\":\"Die Rebh\u00e4uschen - Varone Vins\",\"isPartOf\":{\"@id\":\"https:\\\/\\\/varone.ch\\\/de\\\/#website\"},\"datePublished\":\"2022-02-18T07:49:38+00:00\",\"dateModified\":\"2025-04-09T16:31:38+00:00\",\"breadcrumb\":{\"@id\":\"https:\\\/\\\/varone.ch\\\/de\\\/die-rebhaeuschen\\\/#breadcrumb\"},\"inLanguage\":\"de\",\"potentialAction\":[{\"@type\":\"ReadAction\",\"target\":[\"https:\\\/\\\/varone.ch\\\/de\\\/die-rebhaeuschen\\\/\"]}]},{\"@type\":\"BreadcrumbList\",\"@id\":\"https:\\\/\\\/varone.ch\\\/de\\\/die-rebhaeuschen\\\/#breadcrumb\",\"itemListElement\":[{\"@type\":\"ListItem\",\"position\":1,\"name\":\"Accueil\",\"item\":\"https:\\\/\\\/varone.ch\\\/de\\\/\"},{\"@type\":\"ListItem\",\"position\":2,\"name\":\"Die Rebh\u00e4uschen\"}]},{\"@type\":\"WebSite\",\"@id\":\"https:\\\/\\\/varone.ch\\\/de\\\/#website\",\"url\":\"https:\\\/\\\/varone.ch\\\/de\\\/\",\"name\":\"Varone Vins\",\"description\":\"\",\"publisher\":{\"@id\":\"https:\\\/\\\/varone.ch\\\/de\\\/#organization\"},\"potentialAction\":[{\"@type\":\"SearchAction\",\"target\":{\"@type\":\"EntryPoint\",\"urlTemplate\":\"https:\\\/\\\/varone.ch\\\/de\\\/?s={search_term_string}\"},\"query-input\":{\"@type\":\"PropertyValueSpecification\",\"valueRequired\":true,\"valueName\":\"search_term_string\"}}],\"inLanguage\":\"de\"},{\"@type\":\"Organization\",\"@id\":\"https:\\\/\\\/varone.ch\\\/de\\\/#organization\",\"name\":\"Varone Vins\",\"url\":\"https:\\\/\\\/varone.ch\\\/de\\\/\",\"logo\":{\"@type\":\"ImageObject\",\"inLanguage\":\"de\",\"@id\":\"https:\\\/\\\/varone.ch\\\/de\\\/#\\\/schema\\\/logo\\\/image\\\/\",\"url\":\"https:\\\/\\\/varone.ch\\\/wp-content\\\/uploads\\\/2022\\\/02\\\/logoVaroneVins.png\",\"contentUrl\":\"https:\\\/\\\/varone.ch\\\/wp-content\\\/uploads\\\/2022\\\/02\\\/logoVaroneVins.png\",\"width\":1792,\"height\":552,\"caption\":\"Varone Vins\"},\"image\":{\"@id\":\"https:\\\/\\\/varone.ch\\\/de\\\/#\\\/schema\\\/logo\\\/image\\\/\"},\"sameAs\":[\"https:\\\/\\\/www.facebook.com\\\/lescelliersdesion\",\"https:\\\/\\\/www.instagram.com\\\/lescelliersdesion\",\"https:\\\/\\\/www.linkedin.com\\\/company\\\/celliers-de-sion\\\/\"]}]}<\/script>\n<!-- \/ Yoast SEO plugin. -->","yoast_head_json":{"title":"Die Rebh\u00e4uschen - Varone Vins","robots":{"index":"index","follow":"follow","max-snippet":"max-snippet:-1","max-image-preview":"max-image-preview:large","max-video-preview":"max-video-preview:-1"},"canonical":"https:\/\/varone.ch\/de\/die-rebhaeuschen\/","og_locale":"de_DE","og_type":"article","og_title":"Die Rebh\u00e4uschen - Varone Vins","og_description":"Le Cube VaroneDieses ehemalige Rebh\u00e4uschen, das 2013 mit dem Preis f\u00fcr das Schweizer Kulturerbe ausgezeichnet wurde und zwischen Himmel und Weinbergen schwebt, ist heute ein einzigartiger Ort der Weinprobe. Dieser - schattige - Sommerstopp wird Sie mit seiner bemerkenswerten Lage in der N\u00e4he der Bisse de Clavau begeistern. Ein Ort ganz nach dem Geschmack seines [&hellip;]","og_url":"https:\/\/varone.ch\/de\/die-rebhaeuschen\/","og_site_name":"Varone Vins","article_publisher":"https:\/\/www.facebook.com\/lescelliersdesion","article_modified_time":"2025-04-09T16:31:38+00:00","twitter_card":"summary_large_image","twitter_misc":{"Gesch\u00e4tzte Lesezeit":"5\u00a0Minuten"},"schema":{"@context":"https:\/\/schema.org","@graph":[{"@type":"WebPage","@id":"https:\/\/varone.ch\/de\/die-rebhaeuschen\/","url":"https:\/\/varone.ch\/de\/die-rebhaeuschen\/","name":"Die Rebh\u00e4uschen - Varone Vins","isPartOf":{"@id":"https:\/\/varone.ch\/de\/#website"},"datePublished":"2022-02-18T07:49:38+00:00","dateModified":"2025-04-09T16:31:38+00:00","breadcrumb":{"@id":"https:\/\/varone.ch\/de\/die-rebhaeuschen\/#breadcrumb"},"inLanguage":"de","potentialAction":[{"@type":"ReadAction","target":["https:\/\/varone.ch\/de\/die-rebhaeuschen\/"]}]},{"@type":"BreadcrumbList","@id":"https:\/\/varone.ch\/de\/die-rebhaeuschen\/#breadcrumb","itemListElement":[{"@type":"ListItem","position":1,"name":"Accueil","item":"https:\/\/varone.ch\/de\/"},{"@type":"ListItem","position":2,"name":"Die Rebh\u00e4uschen"}]},{"@type":"WebSite","@id":"https:\/\/varone.ch\/de\/#website","url":"https:\/\/varone.ch\/de\/","name":"Varone Vins","description":"","publisher":{"@id":"https:\/\/varone.ch\/de\/#organization"},"potentialAction":[{"@type":"SearchAction","target":{"@type":"EntryPoint","urlTemplate":"https:\/\/varone.ch\/de\/?s={search_term_string}"},"query-input":{"@type":"PropertyValueSpecification","valueRequired":true,"valueName":"search_term_string"}}],"inLanguage":"de"},{"@type":"Organization","@id":"https:\/\/varone.ch\/de\/#organization","name":"Varone Vins","url":"https:\/\/varone.ch\/de\/","logo":{"@type":"ImageObject","inLanguage":"de","@id":"https:\/\/varone.ch\/de\/#\/schema\/logo\/image\/","url":"https:\/\/varone.ch\/wp-content\/uploads\/2022\/02\/logoVaroneVins.png","contentUrl":"https:\/\/varone.ch\/wp-content\/uploads\/2022\/02\/logoVaroneVins.png","width":1792,"height":552,"caption":"Varone Vins"},"image":{"@id":"https:\/\/varone.ch\/de\/#\/schema\/logo\/image\/"},"sameAs":["https:\/\/www.facebook.com\/lescelliersdesion","https:\/\/www.instagram.com\/lescelliersdesion","https:\/\/www.linkedin.com\/company\/celliers-de-sion\/"]}]}},"_links":{"self":[{"href":"https:\/\/varone.ch\/de\/wp-json\/wp\/v2\/pages\/1709","targetHints":{"allow":["GET"]}}],"collection":[{"href":"https:\/\/varone.ch\/de\/wp-json\/wp\/v2\/pages"}],"about":[{"href":"https:\/\/varone.ch\/de\/wp-json\/wp\/v2\/types\/page"}],"author":[{"embeddable":true,"href":"https:\/\/varone.ch\/de\/wp-json\/wp\/v2\/users\/5"}],"replies":[{"embeddable":true,"href":"https:\/\/varone.ch\/de\/wp-json\/wp\/v2\/comments?post=1709"}],"version-history":[{"count":5,"href":"https:\/\/varone.ch\/de\/wp-json\/wp\/v2\/pages\/1709\/revisions"}],"predecessor-version":[{"id":2716,"href":"https:\/\/varone.ch\/de\/wp-json\/wp\/v2\/pages\/1709\/revisions\/2716"}],"wp:attachment":[{"href":"https:\/\/varone.ch\/de\/wp-json\/wp\/v2\/media?parent=1709"}],"curies":[{"name":"wp","href":"https:\/\/api.w.org\/{rel}","templated":true}]}}