{"id":1725,"date":"2022-02-18T08:12:52","date_gmt":"2022-02-18T08:12:52","guid":{"rendered":"https:\/\/varone-dev.ch\/die-sinne\/"},"modified":"2025-04-03T09:50:56","modified_gmt":"2025-04-03T07:50:56","slug":"die-sinne","status":"publish","type":"page","link":"https:\/\/varone.ch\/de\/die-sinne\/","title":{"rendered":"Die Sinne"},"content":{"rendered":"<p>[et_pb_section fb_built=&#8220;1&#8243; _builder_version=&#8220;4.16&#8243; _module_preset=&#8220;default&#8220; custom_margin=&#8220;|||300px|false|false&#8220; custom_margin_tablet=&#8220;|||0px|false|false&#8220; custom_margin_phone=&#8220;|||0px|false|false&#8220; custom_margin_last_edited=&#8220;on|tablet&#8220; custom_padding=&#8220;0px||||false|false&#8220; global_colors_info=&#8220;{}&#8220;][et_pb_row _builder_version=&#8220;4.16&#8243; _module_preset=&#8220;default&#8220; width=&#8220;100%&#8220; max_width=&#8220;100%&#8220; custom_margin=&#8220;|0px|||false|false&#8220; custom_padding=&#8220;0px|||||&#8220; global_colors_info=&#8220;{}&#8220;][et_pb_column type=&#8220;4_4&#8243; _builder_version=&#8220;4.16&#8243; _module_preset=&#8220;default&#8220; global_colors_info=&#8220;{}&#8220;][et_pb_image src=&#8220;https:\/\/varone.ch\/wp-content\/uploads\/2025\/03\/header-sensorielle.jpg&#8220; title_text=&#8220;header-sensorielle&#8220; align=&#8220;center&#8220; force_fullwidth=&#8220;on&#8220; _builder_version=&#8220;4.27.4&#8243; _module_preset=&#8220;default&#8220; hover_enabled=&#8220;0&#8243; global_colors_info=&#8220;{}&#8220; sticky_enabled=&#8220;0&#8243;][\/et_pb_image][\/et_pb_column][\/et_pb_row][et_pb_row _builder_version=&#8220;4.16&#8243; _module_preset=&#8220;default&#8220; global_colors_info=&#8220;{}&#8220;][et_pb_column type=&#8220;4_4&#8243; _builder_version=&#8220;4.16&#8243; _module_preset=&#8220;default&#8220; global_colors_info=&#8220;{}&#8220;][et_pb_text _builder_version=&#8220;4.16&#8243; _module_preset=&#8220;default&#8220; header_2_text_align=&#8220;center&#8220; global_colors_info=&#8220;{}&#8220;]<\/p>\n<h2>Die Sinne<\/h2>\n<p>[\/et_pb_text][\/et_pb_column][\/et_pb_row][et_pb_row column_structure=&#8220;3_5,2_5&#8243; use_custom_gutter=&#8220;on&#8220; gutter_width=&#8220;4&#8243; _builder_version=&#8220;4.16&#8243; _module_preset=&#8220;default&#8220; global_colors_info=&#8220;{}&#8220;][et_pb_column type=&#8220;3_5&#8243; _builder_version=&#8220;4.16&#8243; _module_preset=&#8220;default&#8220; global_colors_info=&#8220;{}&#8220;][et_pb_text _builder_version=&#8220;4.16&#8243; _module_preset=&#8220;default&#8220; custom_margin=&#8220;||||false|false&#8220; global_colors_info=&#8220;{}&#8220;]<\/p>\n<p>Ab den Jahren 2000 entwickelt die Kellerei Varone eine Strategie der Kundenn\u00e4he zum Endkonsumenten, die auf einem originellen Approach basiert : die polysensorische Entdeckung. Somit entstehen kompromisslose und pr\u00e4zise Weine, die bei der Verkostung alle Sinne ansprechen. Eine andere Art den Wein zu sehen, riechen, tasten und schmecken\u2026<\/p>\n<p>Die Weindegustation beansprucht alle Sinne und zieht unser Ged\u00e4chtnis hinzu. Sie fordert uns auf, in unseren Erinnerungen nach Ger\u00fcchen, Geschmacksrichtung und weiteren Empfindungen zu suchen, um unsere Wahrnehmungen in W\u00f6rtern ausdr\u00fccken zu k\u00f6nnen.<\/p>\n<p>[\/et_pb_text][\/et_pb_column][et_pb_column type=&#8220;2_5&#8243; _builder_version=&#8220;4.16&#8243; _module_preset=&#8220;default&#8220; global_colors_info=&#8220;{}&#8220;][et_pb_text _builder_version=&#8220;4.16&#8243; _module_preset=&#8220;default&#8220; link_text_color=&#8220;#000000&#8243; global_colors_info=&#8220;{}&#8220;]<\/p>\n<h3>Sehen<\/h3>\n<h3>Tasten<\/h3>\n<h3>Riechen<\/h3>\n<h3>H\u00f6ren<\/h3>\n<h3>Schmecken<\/h3>\n<p>&nbsp;<\/p>\n<h3>\u00a0<\/h3>\n<p>[\/et_pb_text][\/et_pb_column][\/et_pb_row][\/et_pb_section][et_pb_section fb_built=&#8220;1&#8243; _builder_version=&#8220;4.16&#8243; _module_preset=&#8220;default&#8220; custom_margin=&#8220;|||300px|false|false&#8220; custom_margin_tablet=&#8220;|||0px|false|false&#8220; custom_margin_phone=&#8220;|||0px|false|false&#8220; custom_margin_last_edited=&#8220;on|tablet&#8220; custom_padding=&#8220;0px||0px||false|false&#8220; global_colors_info=&#8220;{}&#8220;][et_pb_row _builder_version=&#8220;4.16&#8243; _module_preset=&#8220;default&#8220; width=&#8220;100%&#8220; max_width=&#8220;100%&#8220; custom_margin=&#8220;|0px|||false|false&#8220; custom_padding=&#8220;0px||0px||false|false&#8220; global_colors_info=&#8220;{}&#8220;][et_pb_column type=&#8220;4_4&#8243; _builder_version=&#8220;4.16&#8243; _module_preset=&#8220;default&#8220; global_colors_info=&#8220;{}&#8220;][et_pb_image src=&#8220;https:\/\/varone.ch\/wp-content\/uploads\/2022\/02\/footer-sens.jpg&#8220; title_text=&#8220;footer sens&#8220; align=&#8220;center&#8220; force_fullwidth=&#8220;on&#8220; _builder_version=&#8220;4.16&#8243; _module_preset=&#8220;default&#8220; global_colors_info=&#8220;{}&#8220;][\/et_pb_image][\/et_pb_column][\/et_pb_row][\/et_pb_section]<\/p>\n","protected":false},"excerpt":{"rendered":"<p>Die SinneAb den Jahren 2000 entwickelt die Kellerei Varone eine Strategie der Kundenn\u00e4he zum Endkonsumenten, die auf einem originellen Approach basiert : die polysensorische Entdeckung. Somit entstehen kompromisslose und pr\u00e4zise Weine, die bei der Verkostung alle Sinne ansprechen. Eine andere Art den Wein zu sehen, riechen, tasten und schmecken\u2026 Die Weindegustation beansprucht alle Sinne und [&hellip;]<\/p>\n","protected":false},"author":3,"featured_media":0,"parent":0,"menu_order":0,"comment_status":"closed","ping_status":"closed","template":"","meta":{"_et_pb_use_builder":"on","_et_pb_old_content":"","_et_gb_content_width":"","footnotes":""},"class_list":["post-1725","page","type-page","status-publish","hentry"],"yoast_head":"<!-- This site is optimized with the Yoast SEO plugin v27.3 - https:\/\/yoast.com\/product\/yoast-seo-wordpress\/ -->\n<title>Die Sinne - Varone Vins<\/title>\n<meta name=\"robots\" content=\"index, follow, max-snippet:-1, max-image-preview:large, max-video-preview:-1\" \/>\n<link rel=\"canonical\" href=\"https:\/\/varone.ch\/de\/die-sinne\/\" \/>\n<meta property=\"og:locale\" content=\"de_DE\" \/>\n<meta property=\"og:type\" content=\"article\" \/>\n<meta property=\"og:title\" content=\"Die Sinne - Varone Vins\" \/>\n<meta property=\"og:description\" content=\"Die SinneAb den Jahren 2000 entwickelt die Kellerei Varone eine Strategie der Kundenn\u00e4he zum Endkonsumenten, die auf einem originellen Approach basiert : die polysensorische Entdeckung. Somit entstehen kompromisslose und pr\u00e4zise Weine, die bei der Verkostung alle Sinne ansprechen. Eine andere Art den Wein zu sehen, riechen, tasten und schmecken\u2026 Die Weindegustation beansprucht alle Sinne und [&hellip;]\" \/>\n<meta property=\"og:url\" content=\"https:\/\/varone.ch\/de\/die-sinne\/\" \/>\n<meta property=\"og:site_name\" content=\"Varone Vins\" \/>\n<meta property=\"article:publisher\" content=\"https:\/\/www.facebook.com\/lescelliersdesion\" \/>\n<meta property=\"article:modified_time\" content=\"2025-04-03T07:50:56+00:00\" \/>\n<meta name=\"twitter:card\" content=\"summary_large_image\" \/>\n<meta name=\"twitter:label1\" content=\"Gesch\u00e4tzte Lesezeit\" \/>\n\t<meta name=\"twitter:data1\" content=\"2\u00a0Minuten\" \/>\n<script type=\"application\/ld+json\" class=\"yoast-schema-graph\">{\"@context\":\"https:\\\/\\\/schema.org\",\"@graph\":[{\"@type\":\"WebPage\",\"@id\":\"https:\\\/\\\/varone.ch\\\/de\\\/die-sinne\\\/\",\"url\":\"https:\\\/\\\/varone.ch\\\/de\\\/die-sinne\\\/\",\"name\":\"Die Sinne - Varone Vins\",\"isPartOf\":{\"@id\":\"https:\\\/\\\/varone.ch\\\/de\\\/#website\"},\"datePublished\":\"2022-02-18T08:12:52+00:00\",\"dateModified\":\"2025-04-03T07:50:56+00:00\",\"breadcrumb\":{\"@id\":\"https:\\\/\\\/varone.ch\\\/de\\\/die-sinne\\\/#breadcrumb\"},\"inLanguage\":\"de\",\"potentialAction\":[{\"@type\":\"ReadAction\",\"target\":[\"https:\\\/\\\/varone.ch\\\/de\\\/die-sinne\\\/\"]}]},{\"@type\":\"BreadcrumbList\",\"@id\":\"https:\\\/\\\/varone.ch\\\/de\\\/die-sinne\\\/#breadcrumb\",\"itemListElement\":[{\"@type\":\"ListItem\",\"position\":1,\"name\":\"Accueil\",\"item\":\"https:\\\/\\\/varone.ch\\\/de\\\/\"},{\"@type\":\"ListItem\",\"position\":2,\"name\":\"Die Sinne\"}]},{\"@type\":\"WebSite\",\"@id\":\"https:\\\/\\\/varone.ch\\\/de\\\/#website\",\"url\":\"https:\\\/\\\/varone.ch\\\/de\\\/\",\"name\":\"Varone Vins\",\"description\":\"\",\"publisher\":{\"@id\":\"https:\\\/\\\/varone.ch\\\/de\\\/#organization\"},\"potentialAction\":[{\"@type\":\"SearchAction\",\"target\":{\"@type\":\"EntryPoint\",\"urlTemplate\":\"https:\\\/\\\/varone.ch\\\/de\\\/?s={search_term_string}\"},\"query-input\":{\"@type\":\"PropertyValueSpecification\",\"valueRequired\":true,\"valueName\":\"search_term_string\"}}],\"inLanguage\":\"de\"},{\"@type\":\"Organization\",\"@id\":\"https:\\\/\\\/varone.ch\\\/de\\\/#organization\",\"name\":\"Varone Vins\",\"url\":\"https:\\\/\\\/varone.ch\\\/de\\\/\",\"logo\":{\"@type\":\"ImageObject\",\"inLanguage\":\"de\",\"@id\":\"https:\\\/\\\/varone.ch\\\/de\\\/#\\\/schema\\\/logo\\\/image\\\/\",\"url\":\"https:\\\/\\\/varone.ch\\\/wp-content\\\/uploads\\\/2022\\\/02\\\/logoVaroneVins.png\",\"contentUrl\":\"https:\\\/\\\/varone.ch\\\/wp-content\\\/uploads\\\/2022\\\/02\\\/logoVaroneVins.png\",\"width\":1792,\"height\":552,\"caption\":\"Varone Vins\"},\"image\":{\"@id\":\"https:\\\/\\\/varone.ch\\\/de\\\/#\\\/schema\\\/logo\\\/image\\\/\"},\"sameAs\":[\"https:\\\/\\\/www.facebook.com\\\/lescelliersdesion\",\"https:\\\/\\\/www.instagram.com\\\/lescelliersdesion\",\"https:\\\/\\\/www.linkedin.com\\\/company\\\/celliers-de-sion\\\/\"]}]}<\/script>\n<!-- \/ Yoast SEO plugin. -->","yoast_head_json":{"title":"Die Sinne - Varone Vins","robots":{"index":"index","follow":"follow","max-snippet":"max-snippet:-1","max-image-preview":"max-image-preview:large","max-video-preview":"max-video-preview:-1"},"canonical":"https:\/\/varone.ch\/de\/die-sinne\/","og_locale":"de_DE","og_type":"article","og_title":"Die Sinne - Varone Vins","og_description":"Die SinneAb den Jahren 2000 entwickelt die Kellerei Varone eine Strategie der Kundenn\u00e4he zum Endkonsumenten, die auf einem originellen Approach basiert : die polysensorische Entdeckung. Somit entstehen kompromisslose und pr\u00e4zise Weine, die bei der Verkostung alle Sinne ansprechen. Eine andere Art den Wein zu sehen, riechen, tasten und schmecken\u2026 Die Weindegustation beansprucht alle Sinne und [&hellip;]","og_url":"https:\/\/varone.ch\/de\/die-sinne\/","og_site_name":"Varone Vins","article_publisher":"https:\/\/www.facebook.com\/lescelliersdesion","article_modified_time":"2025-04-03T07:50:56+00:00","twitter_card":"summary_large_image","twitter_misc":{"Gesch\u00e4tzte Lesezeit":"2\u00a0Minuten"},"schema":{"@context":"https:\/\/schema.org","@graph":[{"@type":"WebPage","@id":"https:\/\/varone.ch\/de\/die-sinne\/","url":"https:\/\/varone.ch\/de\/die-sinne\/","name":"Die Sinne - Varone Vins","isPartOf":{"@id":"https:\/\/varone.ch\/de\/#website"},"datePublished":"2022-02-18T08:12:52+00:00","dateModified":"2025-04-03T07:50:56+00:00","breadcrumb":{"@id":"https:\/\/varone.ch\/de\/die-sinne\/#breadcrumb"},"inLanguage":"de","potentialAction":[{"@type":"ReadAction","target":["https:\/\/varone.ch\/de\/die-sinne\/"]}]},{"@type":"BreadcrumbList","@id":"https:\/\/varone.ch\/de\/die-sinne\/#breadcrumb","itemListElement":[{"@type":"ListItem","position":1,"name":"Accueil","item":"https:\/\/varone.ch\/de\/"},{"@type":"ListItem","position":2,"name":"Die Sinne"}]},{"@type":"WebSite","@id":"https:\/\/varone.ch\/de\/#website","url":"https:\/\/varone.ch\/de\/","name":"Varone Vins","description":"","publisher":{"@id":"https:\/\/varone.ch\/de\/#organization"},"potentialAction":[{"@type":"SearchAction","target":{"@type":"EntryPoint","urlTemplate":"https:\/\/varone.ch\/de\/?s={search_term_string}"},"query-input":{"@type":"PropertyValueSpecification","valueRequired":true,"valueName":"search_term_string"}}],"inLanguage":"de"},{"@type":"Organization","@id":"https:\/\/varone.ch\/de\/#organization","name":"Varone Vins","url":"https:\/\/varone.ch\/de\/","logo":{"@type":"ImageObject","inLanguage":"de","@id":"https:\/\/varone.ch\/de\/#\/schema\/logo\/image\/","url":"https:\/\/varone.ch\/wp-content\/uploads\/2022\/02\/logoVaroneVins.png","contentUrl":"https:\/\/varone.ch\/wp-content\/uploads\/2022\/02\/logoVaroneVins.png","width":1792,"height":552,"caption":"Varone Vins"},"image":{"@id":"https:\/\/varone.ch\/de\/#\/schema\/logo\/image\/"},"sameAs":["https:\/\/www.facebook.com\/lescelliersdesion","https:\/\/www.instagram.com\/lescelliersdesion","https:\/\/www.linkedin.com\/company\/celliers-de-sion\/"]}]}},"_links":{"self":[{"href":"https:\/\/varone.ch\/de\/wp-json\/wp\/v2\/pages\/1725","targetHints":{"allow":["GET"]}}],"collection":[{"href":"https:\/\/varone.ch\/de\/wp-json\/wp\/v2\/pages"}],"about":[{"href":"https:\/\/varone.ch\/de\/wp-json\/wp\/v2\/types\/page"}],"author":[{"embeddable":true,"href":"https:\/\/varone.ch\/de\/wp-json\/wp\/v2\/users\/3"}],"replies":[{"embeddable":true,"href":"https:\/\/varone.ch\/de\/wp-json\/wp\/v2\/comments?post=1725"}],"version-history":[{"count":5,"href":"https:\/\/varone.ch\/de\/wp-json\/wp\/v2\/pages\/1725\/revisions"}],"predecessor-version":[{"id":2701,"href":"https:\/\/varone.ch\/de\/wp-json\/wp\/v2\/pages\/1725\/revisions\/2701"}],"wp:attachment":[{"href":"https:\/\/varone.ch\/de\/wp-json\/wp\/v2\/media?parent=1725"}],"curies":[{"name":"wp","href":"https:\/\/api.w.org\/{rel}","templated":true}]}}