{"id":1756,"date":"2022-02-18T09:56:24","date_gmt":"2022-02-18T09:56:24","guid":{"rendered":"https:\/\/varone-dev.ch\/history\/"},"modified":"2025-04-03T09:49:25","modified_gmt":"2025-04-03T07:49:25","slug":"history","status":"publish","type":"page","link":"https:\/\/varone.ch\/en\/history\/","title":{"rendered":"History"},"content":{"rendered":"<p>[et_pb_section fb_built=&#8221;1&#8243; _builder_version=&#8221;4.16&#8243; _module_preset=&#8221;default&#8221; custom_margin=&#8221;|||300px|false|false&#8221; custom_margin_tablet=&#8221;|||0px|false|false&#8221; custom_margin_phone=&#8221;|||0px|false|false&#8221; custom_margin_last_edited=&#8221;on|tablet&#8221; custom_padding=&#8221;0px||0px||false|false&#8221; global_colors_info=&#8221;{}&#8221;][et_pb_row _builder_version=&#8221;4.16&#8243; _module_preset=&#8221;default&#8221; width=&#8221;100%&#8221; max_width=&#8221;100%&#8221; custom_margin=&#8221;|0px|||false|false&#8221; custom_padding=&#8221;0px|||||&#8221; global_colors_info=&#8221;{}&#8221;][et_pb_column type=&#8221;4_4&#8243; _builder_version=&#8221;4.16&#8243; _module_preset=&#8221;default&#8221; global_colors_info=&#8221;{}&#8221;][et_pb_image src=&#8221;https:\/\/varone.ch\/wp-content\/uploads\/2025\/03\/histoire-varone-vins-1.jpg&#8221; title_text=&#8221;histoire varone vins&#8221; align=&#8221;center&#8221; force_fullwidth=&#8221;on&#8221; _builder_version=&#8221;4.27.4&#8243; _module_preset=&#8221;default&#8221; global_colors_info=&#8221;{}&#8221; hover_enabled=&#8221;0&#8243; sticky_enabled=&#8221;0&#8243;][\/et_pb_image][\/et_pb_column][\/et_pb_row][et_pb_row _builder_version=&#8221;4.16&#8243; _module_preset=&#8221;default&#8221; global_colors_info=&#8221;{}&#8221;][et_pb_column type=&#8221;4_4&#8243; _builder_version=&#8221;4.16&#8243; _module_preset=&#8221;default&#8221; global_colors_info=&#8221;{}&#8221;][et_pb_text _builder_version=&#8221;4.16&#8243; _module_preset=&#8221;default&#8221; header_2_text_align=&#8221;center&#8221; header_2_font_size_tablet=&#8221;&#8221; header_2_font_size_phone=&#8221;24px&#8221; header_2_font_size_last_edited=&#8221;on|desktop&#8221; global_colors_info=&#8221;{}&#8221;]<\/p>\n<h2>History<\/h2>\n<p>[\/et_pb_text][\/et_pb_column][\/et_pb_row][et_pb_row column_structure=&#8221;3_5,2_5&#8243; _builder_version=&#8221;4.16&#8243; _module_preset=&#8221;default&#8221; global_colors_info=&#8221;{}&#8221;][et_pb_column type=&#8221;3_5&#8243; _builder_version=&#8221;4.16&#8243; _module_preset=&#8221;default&#8221; global_colors_info=&#8221;{}&#8221;][et_pb_text _builder_version=&#8221;4.16&#8243; _module_preset=&#8221;default&#8221; custom_margin=&#8221;||||false|false&#8221; global_colors_info=&#8221;{}&#8221;]<\/p>\n<p>Founded in 1900, the family-owned Maison Varone has always followed the great developments in Swiss and Valais winegrowing.<\/p>\n<p>At that time, it was the first winery to fill its quality wines into bottles instead of only using open containers. This ensured the commercial development of Varone wines in gastronomy and also with private customers in Switzerland and abroad.<\/p>\n<p>Since the 1920\u2019s, founder Fr\u00e9d\u00e9ric Varone, anticipated market trends by creating strong brand names such as Fendant Soleil du Valais and D\u00f4le Val\u00e9ria.<\/p>\n<p>In 1992, Maison Varone joined with Bonvin 1858 Les Domaines to create Les Celliers de Champsec with the aim of developing synergies and at the same time rationalising some redundant activities.<\/p>\n<p>Today, Philippe Varone, Mayor of Sion, has passed on the management of his business to the Celliers de Sion led by David H\u00e9ritier. Within this organisation, the two partners have intensified their cooperation by initiating a joint sales team and creating the first Oenoparc in Switzerland, below the spectacular terraced vineyard. The Celliers de Sion stand out as a privileged meeting point between the customers and artisan wine producers.<\/p>\n<p>A bright and untroubled future is surely awaiting the Varone family!<\/p>\n<p>[\/et_pb_text][\/et_pb_column][et_pb_column type=&#8221;2_5&#8243; _builder_version=&#8221;4.16&#8243; _module_preset=&#8221;default&#8221; global_colors_info=&#8221;{}&#8221;][et_pb_text _builder_version=&#8221;4.16&#8243; _module_preset=&#8221;default&#8221; header_3_line_height=&#8221;1.7em&#8221; global_colors_info=&#8221;{}&#8221;]<\/p>\n<h3>Founded in 1900<\/h3>\n<h3>4 generations<\/h3>\n<h3>1992 creation of the Celliers de Sion<\/h3>\n<p>[\/et_pb_text][\/et_pb_column][\/et_pb_row][et_pb_row _builder_version=&#8221;4.16&#8243; _module_preset=&#8221;default&#8221; custom_padding=&#8221;||0px||false|false&#8221; global_colors_info=&#8221;{}&#8221;][et_pb_column type=&#8221;4_4&#8243; _builder_version=&#8221;4.16&#8243; _module_preset=&#8221;default&#8221; global_colors_info=&#8221;{}&#8221;][et_pb_image src=&#8221;https:\/\/varone.ch\/wp-content\/uploads\/2022\/02\/footer-histoire.jpg&#8221; title_text=&#8221;footer histoire&#8221; _builder_version=&#8221;4.16&#8243; _module_preset=&#8221;default&#8221; global_colors_info=&#8221;{}&#8221;][\/et_pb_image][\/et_pb_column][\/et_pb_row][\/et_pb_section]<\/p>\n","protected":false},"excerpt":{"rendered":"<p>HistoryFounded in 1900, the family-owned Maison Varone has always followed the great developments in Swiss and Valais winegrowing. At that time, it was the first winery to fill its quality wines into bottles instead of only using open containers. This ensured the commercial development of Varone wines in gastronomy and also with private customers in [&hellip;]<\/p>\n","protected":false},"author":5,"featured_media":0,"parent":0,"menu_order":0,"comment_status":"closed","ping_status":"closed","template":"","meta":{"_et_pb_use_builder":"on","_et_pb_old_content":"","_et_gb_content_width":"","footnotes":""},"class_list":["post-1756","page","type-page","status-publish","hentry"],"yoast_head":"<!-- This site is optimized with the Yoast SEO plugin v27.2 - https:\/\/yoast.com\/product\/yoast-seo-wordpress\/ -->\n<title>History - Varone Vins<\/title>\n<meta name=\"robots\" content=\"index, follow, max-snippet:-1, max-image-preview:large, max-video-preview:-1\" \/>\n<link rel=\"canonical\" href=\"https:\/\/varone.ch\/en\/history\/\" \/>\n<meta property=\"og:locale\" content=\"en_US\" \/>\n<meta property=\"og:type\" content=\"article\" \/>\n<meta property=\"og:title\" content=\"History - Varone Vins\" \/>\n<meta property=\"og:description\" content=\"HistoryFounded in 1900, the family-owned Maison Varone has always followed the great developments in Swiss and Valais winegrowing. At that time, it was the first winery to fill its quality wines into bottles instead of only using open containers. This ensured the commercial development of Varone wines in gastronomy and also with private customers in [&hellip;]\" \/>\n<meta property=\"og:url\" content=\"https:\/\/varone.ch\/en\/history\/\" \/>\n<meta property=\"og:site_name\" content=\"Varone Vins\" \/>\n<meta property=\"article:publisher\" content=\"https:\/\/www.facebook.com\/lescelliersdesion\" \/>\n<meta property=\"article:modified_time\" content=\"2025-04-03T07:49:25+00:00\" \/>\n<meta name=\"twitter:card\" content=\"summary_large_image\" \/>\n<meta name=\"twitter:label1\" content=\"Est. reading time\" \/>\n\t<meta name=\"twitter:data1\" content=\"3 minutes\" \/>\n<script type=\"application\/ld+json\" class=\"yoast-schema-graph\">{\"@context\":\"https:\/\/schema.org\",\"@graph\":[{\"@type\":\"WebPage\",\"@id\":\"https:\/\/varone.ch\/en\/history\/\",\"url\":\"https:\/\/varone.ch\/en\/history\/\",\"name\":\"History - Varone Vins\",\"isPartOf\":{\"@id\":\"https:\/\/varone.ch\/en\/#website\"},\"datePublished\":\"2022-02-18T09:56:24+00:00\",\"dateModified\":\"2025-04-03T07:49:25+00:00\",\"breadcrumb\":{\"@id\":\"https:\/\/varone.ch\/en\/history\/#breadcrumb\"},\"inLanguage\":\"en-US\",\"potentialAction\":[{\"@type\":\"ReadAction\",\"target\":[\"https:\/\/varone.ch\/en\/history\/\"]}]},{\"@type\":\"BreadcrumbList\",\"@id\":\"https:\/\/varone.ch\/en\/history\/#breadcrumb\",\"itemListElement\":[{\"@type\":\"ListItem\",\"position\":1,\"name\":\"Accueil\",\"item\":\"https:\/\/varone.ch\/en\/\"},{\"@type\":\"ListItem\",\"position\":2,\"name\":\"History\"}]},{\"@type\":\"WebSite\",\"@id\":\"https:\/\/varone.ch\/en\/#website\",\"url\":\"https:\/\/varone.ch\/en\/\",\"name\":\"Varone Vins\",\"description\":\"\",\"publisher\":{\"@id\":\"https:\/\/varone.ch\/en\/#organization\"},\"potentialAction\":[{\"@type\":\"SearchAction\",\"target\":{\"@type\":\"EntryPoint\",\"urlTemplate\":\"https:\/\/varone.ch\/en\/?s={search_term_string}\"},\"query-input\":{\"@type\":\"PropertyValueSpecification\",\"valueRequired\":true,\"valueName\":\"search_term_string\"}}],\"inLanguage\":\"en-US\"},{\"@type\":\"Organization\",\"@id\":\"https:\/\/varone.ch\/en\/#organization\",\"name\":\"Varone Vins\",\"url\":\"https:\/\/varone.ch\/en\/\",\"logo\":{\"@type\":\"ImageObject\",\"inLanguage\":\"en-US\",\"@id\":\"https:\/\/varone.ch\/en\/#\/schema\/logo\/image\/\",\"url\":\"https:\/\/varone.ch\/wp-content\/uploads\/2022\/02\/logoVaroneVins.png\",\"contentUrl\":\"https:\/\/varone.ch\/wp-content\/uploads\/2022\/02\/logoVaroneVins.png\",\"width\":1792,\"height\":552,\"caption\":\"Varone Vins\"},\"image\":{\"@id\":\"https:\/\/varone.ch\/en\/#\/schema\/logo\/image\/\"},\"sameAs\":[\"https:\/\/www.facebook.com\/lescelliersdesion\",\"https:\/\/www.instagram.com\/lescelliersdesion\",\"https:\/\/www.linkedin.com\/company\/celliers-de-sion\/\"]}]}<\/script>\n<!-- \/ Yoast SEO plugin. -->","yoast_head_json":{"title":"History - Varone Vins","robots":{"index":"index","follow":"follow","max-snippet":"max-snippet:-1","max-image-preview":"max-image-preview:large","max-video-preview":"max-video-preview:-1"},"canonical":"https:\/\/varone.ch\/en\/history\/","og_locale":"en_US","og_type":"article","og_title":"History - Varone Vins","og_description":"HistoryFounded in 1900, the family-owned Maison Varone has always followed the great developments in Swiss and Valais winegrowing. At that time, it was the first winery to fill its quality wines into bottles instead of only using open containers. This ensured the commercial development of Varone wines in gastronomy and also with private customers in [&hellip;]","og_url":"https:\/\/varone.ch\/en\/history\/","og_site_name":"Varone Vins","article_publisher":"https:\/\/www.facebook.com\/lescelliersdesion","article_modified_time":"2025-04-03T07:49:25+00:00","twitter_card":"summary_large_image","twitter_misc":{"Est. reading time":"3 minutes"},"schema":{"@context":"https:\/\/schema.org","@graph":[{"@type":"WebPage","@id":"https:\/\/varone.ch\/en\/history\/","url":"https:\/\/varone.ch\/en\/history\/","name":"History - Varone Vins","isPartOf":{"@id":"https:\/\/varone.ch\/en\/#website"},"datePublished":"2022-02-18T09:56:24+00:00","dateModified":"2025-04-03T07:49:25+00:00","breadcrumb":{"@id":"https:\/\/varone.ch\/en\/history\/#breadcrumb"},"inLanguage":"en-US","potentialAction":[{"@type":"ReadAction","target":["https:\/\/varone.ch\/en\/history\/"]}]},{"@type":"BreadcrumbList","@id":"https:\/\/varone.ch\/en\/history\/#breadcrumb","itemListElement":[{"@type":"ListItem","position":1,"name":"Accueil","item":"https:\/\/varone.ch\/en\/"},{"@type":"ListItem","position":2,"name":"History"}]},{"@type":"WebSite","@id":"https:\/\/varone.ch\/en\/#website","url":"https:\/\/varone.ch\/en\/","name":"Varone Vins","description":"","publisher":{"@id":"https:\/\/varone.ch\/en\/#organization"},"potentialAction":[{"@type":"SearchAction","target":{"@type":"EntryPoint","urlTemplate":"https:\/\/varone.ch\/en\/?s={search_term_string}"},"query-input":{"@type":"PropertyValueSpecification","valueRequired":true,"valueName":"search_term_string"}}],"inLanguage":"en-US"},{"@type":"Organization","@id":"https:\/\/varone.ch\/en\/#organization","name":"Varone Vins","url":"https:\/\/varone.ch\/en\/","logo":{"@type":"ImageObject","inLanguage":"en-US","@id":"https:\/\/varone.ch\/en\/#\/schema\/logo\/image\/","url":"https:\/\/varone.ch\/wp-content\/uploads\/2022\/02\/logoVaroneVins.png","contentUrl":"https:\/\/varone.ch\/wp-content\/uploads\/2022\/02\/logoVaroneVins.png","width":1792,"height":552,"caption":"Varone Vins"},"image":{"@id":"https:\/\/varone.ch\/en\/#\/schema\/logo\/image\/"},"sameAs":["https:\/\/www.facebook.com\/lescelliersdesion","https:\/\/www.instagram.com\/lescelliersdesion","https:\/\/www.linkedin.com\/company\/celliers-de-sion\/"]}]}},"_links":{"self":[{"href":"https:\/\/varone.ch\/en\/wp-json\/wp\/v2\/pages\/1756","targetHints":{"allow":["GET"]}}],"collection":[{"href":"https:\/\/varone.ch\/en\/wp-json\/wp\/v2\/pages"}],"about":[{"href":"https:\/\/varone.ch\/en\/wp-json\/wp\/v2\/types\/page"}],"author":[{"embeddable":true,"href":"https:\/\/varone.ch\/en\/wp-json\/wp\/v2\/users\/5"}],"replies":[{"embeddable":true,"href":"https:\/\/varone.ch\/en\/wp-json\/wp\/v2\/comments?post=1756"}],"version-history":[{"count":5,"href":"https:\/\/varone.ch\/en\/wp-json\/wp\/v2\/pages\/1756\/revisions"}],"predecessor-version":[{"id":2699,"href":"https:\/\/varone.ch\/en\/wp-json\/wp\/v2\/pages\/1756\/revisions\/2699"}],"wp:attachment":[{"href":"https:\/\/varone.ch\/en\/wp-json\/wp\/v2\/media?parent=1756"}],"curies":[{"name":"wp","href":"https:\/\/api.w.org\/{rel}","templated":true}]}}